{"id":11,"date":"2023-06-17T15:47:37","date_gmt":"2023-06-17T15:47:37","guid":{"rendered":"https:\/\/bec.marc-fritschi.ch\/?page_id=11"},"modified":"2025-05-15T11:41:52","modified_gmt":"2025-05-15T09:41:52","slug":"willkommen","status":"publish","type":"page","link":"https:\/\/bec.marc-fritschi.ch\/","title":{"rendered":"Home"},"content":{"rendered":"\n<p>Willkommen. Es freut mich, dass Sie meinen Internetauftritt besuchen. Mit der Firma Marc Fritschi Business Engineering Consulting haben Sie einen kompetenten Partner in den Bereichen Informatik, Gesch\u00e4ftsentwicklung und Prozessoptimierung. <\/p>\n\n\n\n<p>Zusammen mit meinen Business-Partnern erweitere ich die Kompetenzfelder und erreichen so mehr f\u00fcr unsere Kunden. Sie nennen uns die Herausforderung und wir finden einen Weg zusammen zur L\u00f6sung.<\/p>\n\n\n\n<p>Ein breites Angebot an Serviceleistungen f\u00fcr Organisationen, welche einen Schritt weiter kommen wollen &#8211; ich unterst\u00fctze Sie gerne bei Ihren Ver\u00e4nderungsvorhaben und Entwicklungsprojekten.<\/p>\n\n\n\n<h3 class=\"wp-block-heading\">Serviceleistungen<\/h3>\n\n\n\n<figure class=\"wp-block-table\"><table class=\"has-fixed-layout\"><thead><tr><th><strong>Unternehmens Beratung<\/strong><\/th><th><strong>Business Development<\/strong><\/th><th><strong>Informatik &amp; Business Architektur<\/strong><\/th><\/tr><\/thead><tbody><tr><td>Unternehmens-Strategie und -Architektur<br>Organisationsentwicklung<br>Ver\u00e4nderungs-Management<br>Prozess Optimierung<br>Prozess Automatisierung<\/td><td>Gesch\u00e4ftsmodell Entwicklung<br>Problem-Management und L\u00f6sung<\/td><td>Programm- und Projekt-Management<br>IT Architektur<br>IT Sicherheitskonzepte und Pr\u00fcfungen<\/td><\/tr><\/tbody><\/table><figcaption class=\"wp-element-caption\">Interims-Management und operative Serviceaufgaben k\u00f6nnen wir als Verbund von Experten auch kurzfristig \u00fcbernehmen.<\/figcaption><\/figure>\n\n\n\n<p><\/p>\n\n\n\n<h3 class=\"wp-block-heading\">Erfahrung und Referenzen<\/h3>\n\n\n\n<p>F\u00fchrung internationaler Prozesse und Teams<br>Aufbau und Ver\u00e4nderung von Organisationen sowie Prozessen<br>Erfahrung mit den verschiedenen Kulturen im Gesch\u00e4ftsalltag<br>L\u00f6sung und Simplifizierung von Business Problemen<br>Operative Verantwortung f\u00fcr IT- und Business Services<br><a href=\"https:\/\/www.linkedin.com\/in\/marcfritschi\/\" target=\"_blank\" rel=\"noreferrer noopener\">Marc Fritschi auf LinkedIn<\/a><\/p>\n\n\n\n<h3 class=\"wp-block-heading\">Engagements, Kunden und Projekte<\/h3>\n\n\n\n<p><a href=\"https:\/\/www.beg.swiss\/\" target=\"_blank\" rel=\"noreferrer noopener\">Business Engineering Group<\/a> (Associate Partner, Business Engineer)<br><a href=\"https:\/\/streight.ch\/\" target=\"_blank\" rel=\"noreferrer noopener\">strat.excellence AG<\/a> (Business Innovation Architekt)<br><a href=\"https:\/\/www.sisnet.ch\" target=\"_blank\" rel=\"noreferrer noopener\">SISNET<\/a> (Host und Provider, Technische L\u00f6sungen)<\/p>\n\n\n\n<h3 class=\"wp-block-heading\">Ausbildungen und Zertifizierungen<\/h3>\n\n\n\n<p>Computer Science Engineer, tech. Informatik und Telekommunikation, FHNW<br>Projekt-Management, UBSBA<br>ITIL v3 Expert<br>Business Engineering (Change Management), EMBE, HSG<br>Lean Six Sigma, Black Belt<br>Global Negotiator (Verhandlungsf\u00fchrung), HSG<\/p>\n","protected":false},"excerpt":{"rendered":"<p>Willkommen. Es freut mich, dass Sie meinen Internetauftritt besuchen. Mit der Firma Marc Fritschi Business Engineering Consulting haben Sie einen kompetenten Partner in den Bereichen Informatik, Gesch\u00e4ftsentwicklung und Prozessoptimierung. Zusammen mit meinen Business-Partnern erweitere ich die Kompetenzfelder und erreichen so mehr f\u00fcr unsere Kunden. Sie nennen uns die Herausforderung und wir finden einen Weg zusammen &#8230; <a title=\"Home\" class=\"read-more\" href=\"https:\/\/bec.marc-fritschi.ch\/\" aria-label=\"Read more about Home\">Read more<\/a><\/p>\n","protected":false},"author":1,"featured_media":0,"parent":0,"menu_order":20,"comment_status":"closed","ping_status":"closed","template":"","meta":{"footnotes":""},"class_list":["post-11","page","type-page","status-publish"],"yoast_head":"<!-- This site is optimized with the Yoast SEO plugin v27.2 - https:\/\/yoast.com\/product\/yoast-seo-wordpress\/ -->\n<title>Home - Marc Fritschi Business Engineering Consulting<\/title>\n<meta name=\"robots\" content=\"index, follow, max-snippet:-1, max-image-preview:large, max-video-preview:-1\" \/>\n<link rel=\"canonical\" href=\"https:\/\/bec.marc-fritschi.ch\/\" \/>\n<meta property=\"og:locale\" content=\"de_DE\" \/>\n<meta property=\"og:type\" content=\"article\" \/>\n<meta property=\"og:title\" content=\"Home - Marc Fritschi Business Engineering Consulting\" \/>\n<meta property=\"og:description\" content=\"Willkommen. Es freut mich, dass Sie meinen Internetauftritt besuchen. Mit der Firma Marc Fritschi Business Engineering Consulting haben Sie einen kompetenten Partner in den Bereichen Informatik, Gesch\u00e4ftsentwicklung und Prozessoptimierung. Zusammen mit meinen Business-Partnern erweitere ich die Kompetenzfelder und erreichen so mehr f\u00fcr unsere Kunden. Sie nennen uns die Herausforderung und wir finden einen Weg zusammen ... Read more\" \/>\n<meta property=\"og:url\" content=\"https:\/\/bec.marc-fritschi.ch\/\" \/>\n<meta property=\"og:site_name\" content=\"Marc Fritschi Business Engineering Consulting\" \/>\n<meta property=\"article:modified_time\" content=\"2025-05-15T09:41:52+00:00\" \/>\n<meta name=\"twitter:card\" content=\"summary_large_image\" \/>\n<script type=\"application\/ld+json\" class=\"yoast-schema-graph\">{\"@context\":\"https:\/\/schema.org\",\"@graph\":[{\"@type\":\"WebPage\",\"@id\":\"https:\/\/bec.marc-fritschi.ch\/\",\"url\":\"https:\/\/bec.marc-fritschi.ch\/\",\"name\":\"Home - Marc Fritschi Business Engineering Consulting\",\"isPartOf\":{\"@id\":\"https:\/\/bec.marc-fritschi.ch\/#website\"},\"datePublished\":\"2023-06-17T15:47:37+00:00\",\"dateModified\":\"2025-05-15T09:41:52+00:00\",\"breadcrumb\":{\"@id\":\"https:\/\/bec.marc-fritschi.ch\/#breadcrumb\"},\"inLanguage\":\"de-CH\",\"potentialAction\":[{\"@type\":\"ReadAction\",\"target\":[\"https:\/\/bec.marc-fritschi.ch\/\"]}]},{\"@type\":\"BreadcrumbList\",\"@id\":\"https:\/\/bec.marc-fritschi.ch\/#breadcrumb\",\"itemListElement\":[{\"@type\":\"ListItem\",\"position\":1,\"name\":\"Startseite\",\"item\":\"https:\/\/bec.marc-fritschi.ch\/\"},{\"@type\":\"ListItem\",\"position\":2,\"name\":\"Home\"}]},{\"@type\":\"WebSite\",\"@id\":\"https:\/\/bec.marc-fritschi.ch\/#website\",\"url\":\"https:\/\/bec.marc-fritschi.ch\/\",\"name\":\"Marc Fritschi Business Engineering Consulting\",\"description\":\"Menschen-Prozesse-Technologie\",\"potentialAction\":[{\"@type\":\"SearchAction\",\"target\":{\"@type\":\"EntryPoint\",\"urlTemplate\":\"https:\/\/bec.marc-fritschi.ch\/?s={search_term_string}\"},\"query-input\":{\"@type\":\"PropertyValueSpecification\",\"valueRequired\":true,\"valueName\":\"search_term_string\"}}],\"inLanguage\":\"de-CH\"}]}<\/script>\n<!-- \/ Yoast SEO plugin. -->","yoast_head_json":{"title":"Home - Marc Fritschi Business Engineering Consulting","robots":{"index":"index","follow":"follow","max-snippet":"max-snippet:-1","max-image-preview":"max-image-preview:large","max-video-preview":"max-video-preview:-1"},"canonical":"https:\/\/bec.marc-fritschi.ch\/","og_locale":"de_DE","og_type":"article","og_title":"Home - Marc Fritschi Business Engineering Consulting","og_description":"Willkommen. Es freut mich, dass Sie meinen Internetauftritt besuchen. Mit der Firma Marc Fritschi Business Engineering Consulting haben Sie einen kompetenten Partner in den Bereichen Informatik, Gesch\u00e4ftsentwicklung und Prozessoptimierung. Zusammen mit meinen Business-Partnern erweitere ich die Kompetenzfelder und erreichen so mehr f\u00fcr unsere Kunden. Sie nennen uns die Herausforderung und wir finden einen Weg zusammen ... Read more","og_url":"https:\/\/bec.marc-fritschi.ch\/","og_site_name":"Marc Fritschi Business Engineering Consulting","article_modified_time":"2025-05-15T09:41:52+00:00","twitter_card":"summary_large_image","schema":{"@context":"https:\/\/schema.org","@graph":[{"@type":"WebPage","@id":"https:\/\/bec.marc-fritschi.ch\/","url":"https:\/\/bec.marc-fritschi.ch\/","name":"Home - Marc Fritschi Business Engineering Consulting","isPartOf":{"@id":"https:\/\/bec.marc-fritschi.ch\/#website"},"datePublished":"2023-06-17T15:47:37+00:00","dateModified":"2025-05-15T09:41:52+00:00","breadcrumb":{"@id":"https:\/\/bec.marc-fritschi.ch\/#breadcrumb"},"inLanguage":"de-CH","potentialAction":[{"@type":"ReadAction","target":["https:\/\/bec.marc-fritschi.ch\/"]}]},{"@type":"BreadcrumbList","@id":"https:\/\/bec.marc-fritschi.ch\/#breadcrumb","itemListElement":[{"@type":"ListItem","position":1,"name":"Startseite","item":"https:\/\/bec.marc-fritschi.ch\/"},{"@type":"ListItem","position":2,"name":"Home"}]},{"@type":"WebSite","@id":"https:\/\/bec.marc-fritschi.ch\/#website","url":"https:\/\/bec.marc-fritschi.ch\/","name":"Marc Fritschi Business Engineering Consulting","description":"Menschen-Prozesse-Technologie","potentialAction":[{"@type":"SearchAction","target":{"@type":"EntryPoint","urlTemplate":"https:\/\/bec.marc-fritschi.ch\/?s={search_term_string}"},"query-input":{"@type":"PropertyValueSpecification","valueRequired":true,"valueName":"search_term_string"}}],"inLanguage":"de-CH"}]}},"_links":{"self":[{"href":"https:\/\/bec.marc-fritschi.ch\/index.php\/wp-json\/wp\/v2\/pages\/11","targetHints":{"allow":["GET"]}}],"collection":[{"href":"https:\/\/bec.marc-fritschi.ch\/index.php\/wp-json\/wp\/v2\/pages"}],"about":[{"href":"https:\/\/bec.marc-fritschi.ch\/index.php\/wp-json\/wp\/v2\/types\/page"}],"author":[{"embeddable":true,"href":"https:\/\/bec.marc-fritschi.ch\/index.php\/wp-json\/wp\/v2\/users\/1"}],"replies":[{"embeddable":true,"href":"https:\/\/bec.marc-fritschi.ch\/index.php\/wp-json\/wp\/v2\/comments?post=11"}],"version-history":[{"count":13,"href":"https:\/\/bec.marc-fritschi.ch\/index.php\/wp-json\/wp\/v2\/pages\/11\/revisions"}],"predecessor-version":[{"id":1183,"href":"https:\/\/bec.marc-fritschi.ch\/index.php\/wp-json\/wp\/v2\/pages\/11\/revisions\/1183"}],"wp:attachment":[{"href":"https:\/\/bec.marc-fritschi.ch\/index.php\/wp-json\/wp\/v2\/media?parent=11"}],"curies":[{"name":"wp","href":"https:\/\/api.w.org\/{rel}","templated":true}]}}